{"id":1087,"date":"2018-11-21T20:25:26","date_gmt":"2018-11-21T22:25:26","guid":{"rendered":"http:\/\/new1.helpbar.com.br\/public_html\/?page_id=1087"},"modified":"2018-11-24T10:52:53","modified_gmt":"2018-11-24T12:52:53","slug":"brasilia-4","status":"publish","type":"page","link":"https:\/\/helpbar.com.br\/?page_id=1087","title":{"rendered":"OR\u00c7AMENTO GOI\u00c2NIA"},"content":{"rendered":"<div class=\"wpb-content-wrapper\"><p>[vc_row full_width=&#8221;full_width&#8221; top_and_bottom_padding=&#8221;&#8221; left_and_right_padding=&#8221;&#8221; bg_type=&#8221;&#8221; id=&#8221;&#8221; class=&#8221;&#8221; style=&#8221;&#8221;][vc_column delay=&#8221;&#8221; delay_offset=&#8221;&#8221; bg_type=&#8221;&#8221; min_height=&#8221;&#8221; top_and_bottom_padding=&#8221;&#8221; left_and_right_padding=&#8221;&#8221; width=&#8221;1\/1&#8243;][vc_empty_space][\/vc_column][\/vc_row][vc_row top_and_bottom_padding=&#8221;0&#8243; left_and_right_padding=&#8221;&#8221; bg_type=&#8221;&#8221; id=&#8221;&#8221; class=&#8221;&#8221; style=&#8221;&#8221;][vc_column delay=&#8221;&#8221; delay_offset=&#8221;&#8221; bg_type=&#8221;&#8221; min_height=&#8221;&#8221; top_and_bottom_padding=&#8221;&#8221; left_and_right_padding=&#8221;&#8221; width=&#8221;1\/1&#8243;][vc_single_image image=&#8221;1045&#8243; img_size=&#8221;full&#8221; onclick=&#8221;custom_link&#8221; link=&#8221;http:\/\/www.helpbar.com.br&#8221;]<h5>Preencha o formul\u00e1rio para receber or\u00e7amento.<\/h5>\n[vc_empty_space height=&#8221;28px&#8221;][\/vc_column][\/vc_row][vc_row top_and_bottom_padding=&#8221;0&#8243; left_and_right_padding=&#8221;&#8221; bg_type=&#8221;&#8221; id=&#8221;&#8221; class=&#8221;&#8221; style=&#8221;&#8221;][vc_column delay=&#8221;&#8221; delay_offset=&#8221;&#8221; bg_type=&#8221;&#8221; min_height=&#8221;&#8221; top_and_bottom_padding=&#8221;&#8221; left_and_right_padding=&#8221;&#8221; width=&#8221;1\/1&#8243;]<div class=\"wpcf7 no-js\" id=\"wpcf7-f1024-o1\" lang=\"pt-BR\" dir=\"ltr\" data-wpcf7-id=\"1024\">\n<div class=\"screen-reader-response\"><p role=\"status\" aria-live=\"polite\" aria-atomic=\"true\"><\/p> <ul><\/ul><\/div>\n<form action=\"\/index.php?rest_route=%2Fwp%2Fv2%2Fpages%2F1087#wpcf7-f1024-o1\" method=\"post\" class=\"wpcf7-form init\" aria-label=\"Formul\u00e1rios de contato\" novalidate=\"novalidate\" data-status=\"init\">\n<fieldset class=\"hidden-fields-container\"><input type=\"hidden\" name=\"_wpcf7\" value=\"1024\" \/><input type=\"hidden\" name=\"_wpcf7_version\" value=\"6.1.4\" \/><input type=\"hidden\" name=\"_wpcf7_locale\" value=\"pt_BR\" \/><input type=\"hidden\" name=\"_wpcf7_unit_tag\" value=\"wpcf7-f1024-o1\" \/><input type=\"hidden\" name=\"_wpcf7_container_post\" value=\"0\" \/><input type=\"hidden\" name=\"_wpcf7_posted_data_hash\" value=\"\" \/><input type=\"hidden\" name=\"_wpcf7_recaptcha_response\" value=\"\" \/>\n<\/fieldset>\n<div style=\"float:left; padding-right:10px; width:300px\">\n\t<p>Nome (*)\n\t<\/p>\n\t<p><span class=\"wpcf7-form-control-wrap\" data-name=\"your-name\"><input size=\"40\" maxlength=\"400\" class=\"wpcf7-form-control wpcf7-text wpcf7-validates-as-required\" aria-required=\"true\" aria-invalid=\"false\" value=\"\" type=\"text\" name=\"your-name\" \/><\/span>\n\t<\/p>\n<\/div>\n<div style=\"float:left; padding-right:10px; width:300px\">\n\t<p>Email (*)\n\t<\/p>\n\t<p><span class=\"wpcf7-form-control-wrap\" data-name=\"your-email\"><input size=\"40\" maxlength=\"400\" class=\"wpcf7-form-control wpcf7-email wpcf7-validates-as-required wpcf7-text wpcf7-validates-as-email\" aria-required=\"true\" aria-invalid=\"false\" value=\"\" type=\"email\" name=\"your-email\" \/><\/span>\n\t<\/p>\n<\/div>\n<div style=\"float:left; padding-right:10px; width:300px\">\n\t<p>Telefone com DDD (*)\n\t<\/p>\n\t<p><span class=\"wpcf7-form-control-wrap\" data-name=\"telefone\"><input size=\"40\" maxlength=\"400\" class=\"wpcf7-form-control wpcf7-tel wpcf7-validates-as-required wpcf7-text wpcf7-validates-as-tel\" aria-required=\"true\" aria-invalid=\"false\" placeholder=\"ex: (DDD) N\u00famero\" value=\"\" type=\"tel\" name=\"telefone\" \/><\/span>\n\t<\/p>\n<\/div>\n<hr style=\"clear:both; margin:100px 2 20px 0\" \/>\n<div style=\"float:left; padding-right:10px; width:240px\">\n\t<p>Tipo de Evento (*)\n\t<\/p>\n\t<p><span class=\"wpcf7-form-control-wrap\" data-name=\"tipoevento\"><input size=\"40\" maxlength=\"400\" class=\"wpcf7-form-control wpcf7-text wpcf7-validates-as-required\" aria-required=\"true\" aria-invalid=\"false\" value=\"\" type=\"text\" name=\"tipoevento\" \/><\/span>\n\t<\/p>\n<\/div>\n<div style=\"float:left; padding-right:10px; width:166px\">\n\t<p>Data do Evento (*)\n\t<\/p>\n\t<p><span class=\"wpcf7-form-control-wrap\" data-name=\"dataevento\"><input size=\"40\" maxlength=\"400\" class=\"wpcf7-form-control wpcf7-text wpcf7-validates-as-required\" aria-required=\"true\" aria-invalid=\"false\" placeholder=\"dia-m\u00eas-ano\" value=\"\" type=\"text\" name=\"dataevento\" \/><\/span>\n\t<\/p>\n<\/div>\n<div style=\"float:left; padding-right:10px; width:166px\">\n\t<p>N\u00b0 de convidados (*)\n\t<\/p>\n\t<p><span class=\"wpcf7-form-control-wrap\" data-name=\"numeroconvidados\"><input size=\"40\" maxlength=\"400\" class=\"wpcf7-form-control wpcf7-text wpcf7-validates-as-required\" aria-required=\"true\" aria-invalid=\"false\" value=\"\" type=\"text\" name=\"numeroconvidados\" \/><\/span>\n\t<\/p>\n<\/div>\n<div style=\"float:left; padding-right:10px;  width:166px\">\n\t<p>Hor\u00e1rio de in\u00edcio\n\t<\/p>\n\t<p><span class=\"wpcf7-form-control-wrap\" data-name=\"inicioevento\"><select class=\"wpcf7-form-control wpcf7-select\" aria-invalid=\"false\" name=\"inicioevento\"><option value=\"\">&#8212;Escolha uma op\u00e7\u00e3o&#8212;<\/option><option value=\"0h (meia-noite)\">0h (meia-noite)<\/option><option value=\"1h\">1h<\/option><option value=\"2h\">2h<\/option><option value=\"3h\">3h<\/option><option value=\"4h\">4h<\/option><option value=\"5h\">5h<\/option><option value=\"6h\">6h<\/option><option value=\"7h\">7h<\/option><option value=\"8h\">8h<\/option><option value=\"9h\">9h<\/option><option value=\"10h\">10h<\/option><option value=\"11h\">11h<\/option><option value=\"12h (meio-dia)\">12h (meio-dia)<\/option><option value=\"13h\">13h<\/option><option value=\"14h\">14h<\/option><option value=\"15h\">15h<\/option><option value=\"16h\">16h<\/option><option value=\"17h\">17h<\/option><option value=\"18h\">18h<\/option><option value=\"19h\">19h<\/option><option value=\"20h\">20h<\/option><option value=\"21h\">21h<\/option><option value=\"22h\">22h<\/option><option value=\"23h\">23h<\/option><\/select><\/span>\n\t<\/p>\n<\/div>\n<div style=\"float:left; width:150px; clear:right\">\n\t<p>Hor\u00e1rio de t\u00e9rmino\n\t<\/p>\n\t<p><span class=\"wpcf7-form-control-wrap\" data-name=\"fimevento\"><select class=\"wpcf7-form-control wpcf7-select\" aria-invalid=\"false\" name=\"fimevento\"><option value=\"\">&#8212;Escolha uma op\u00e7\u00e3o&#8212;<\/option><option value=\"0h (meia-noite)\">0h (meia-noite)<\/option><option value=\"1h\">1h<\/option><option value=\"2h\">2h<\/option><option value=\"3h\">3h<\/option><option value=\"4h\">4h<\/option><option value=\"5h\">5h<\/option><option value=\"6h\">6h<\/option><option value=\"7h\">7h<\/option><option value=\"8h\">8h<\/option><option value=\"9h\">9h<\/option><option value=\"10h\">10h<\/option><option value=\"11h\">11h<\/option><option value=\"12h (meio-dia)\">12h (meio-dia)<\/option><option value=\"13h\">13h<\/option><option value=\"14h\">14h<\/option><option value=\"15h\">15h<\/option><option value=\"16h\">16h<\/option><option value=\"17h\">17h<\/option><option value=\"18h\">18h<\/option><option value=\"19h\">19h<\/option><option value=\"20h\">20h<\/option><option value=\"21h\">21h<\/option><option value=\"22h\">22h<\/option><option value=\"23h\">23h<\/option><\/select><\/span>\n\t<\/p>\n<\/div>\n<hr style=\"clear:both; margin:100px 2 20px 0\" \/>\n<div style=\"clear:both\">\n\t<p>Local (Endere\u00e7o ou nome do espa\u00e7o de festas) (*)\n\t<\/p>\n\t<p><span class=\"wpcf7-form-control-wrap\" data-name=\"localevento\"><input size=\"40\" maxlength=\"400\" class=\"wpcf7-form-control wpcf7-text wpcf7-validates-as-required\" aria-required=\"true\" aria-invalid=\"false\" value=\"\" type=\"text\" name=\"localevento\" \/><\/span>\n\t<\/p>\n<\/div>\n<hr style=\"clear:both; margin:100px 2 20px 0\" \/>\n<div style=\"float:left; width:300px; padding-right:10px;\">\n\t<p>Assessor\/Cerimonialista\n\t<\/p>\n\t<p><span class=\"wpcf7-form-control-wrap\" data-name=\"assessorcerimonialista\"><input size=\"40\" maxlength=\"400\" class=\"wpcf7-form-control wpcf7-text\" aria-invalid=\"false\" value=\"\" type=\"text\" name=\"assessorcerimonialista\" \/><\/span>\n\t<\/p>\n<\/div>\n<div style=\"float:left; width:300px; padding-right:10px;\">\n\t<p>Buffet\n\t<\/p>\n\t<p><span class=\"wpcf7-form-control-wrap\" data-name=\"buffet\"><input size=\"40\" maxlength=\"400\" class=\"wpcf7-form-control wpcf7-text\" aria-invalid=\"false\" value=\"\" type=\"text\" name=\"buffet\" \/><\/span>\n\t<\/p>\n<\/div>\n<div style=\"float:left; width:300px; padding-right:10px;\">\n\t<p>Decorador\n\t<\/p>\n\t<p><span class=\"wpcf7-form-control-wrap\" data-name=\"decorador\"><input size=\"40\" maxlength=\"400\" class=\"wpcf7-form-control wpcf7-text\" aria-invalid=\"false\" value=\"\" type=\"text\" name=\"decorador\" \/><\/span>\n\t<\/p>\n<\/div>\n<hr style=\"clear:both; margin:100px 2 20px 0\" \/>\n<div style=\"float:left; width:300px; padding-right:10px\">\n\t<p>Card\u00e1pio (*)\n\t<\/p>\n\t<p><span class=\"wpcf7-form-control-wrap\" data-name=\"cardapio\"><span class=\"wpcf7-form-control wpcf7-checkbox wpcf7-validates-as-required\"><span class=\"wpcf7-list-item first\"><input type=\"checkbox\" name=\"cardapio[]\" value=\"Caipiroskas\" \/><span class=\"wpcf7-list-item-label\">Caipiroskas<\/span><\/span><span class=\"wpcf7-list-item\"><input type=\"checkbox\" name=\"cardapio[]\" value=\"Caipiroskas e drinks\" \/><span class=\"wpcf7-list-item-label\">Caipiroskas e drinks<\/span><\/span><span class=\"wpcf7-list-item\"><input type=\"checkbox\" name=\"cardapio[]\" value=\"Somente drinks\" \/><span class=\"wpcf7-list-item-label\">Somente drinks<\/span><\/span><span class=\"wpcf7-list-item last\"><input type=\"checkbox\" name=\"cardapio[]\" value=\"S\u00f3 Drinks n\u00e3o alco\u00f3licos\" \/><span class=\"wpcf7-list-item-label\">S\u00f3 Drinks n\u00e3o alco\u00f3licos<\/span><\/span><\/span><\/span>\n\t<\/p>\n<\/div>\n<hr style=\"clear:both; margin:100px 0 20px 0\" \/>\n<div style=\"float:left; width:160px; padding:0 10px 0 0 ; \">\n\t<p>Quantidade de bares\n\t<\/p>\n\t<p><span class=\"wpcf7-form-control-wrap\" data-name=\"quantidadebares\"><select class=\"wpcf7-form-control wpcf7-select\" aria-invalid=\"false\" name=\"quantidadebares\"><option value=\"\">&#8212;Escolha uma op\u00e7\u00e3o&#8212;<\/option><option value=\"1\">1<\/option><option value=\"2\">2<\/option><option value=\"3\">3<\/option><option value=\"4\">4<\/option><option value=\"5\">5<\/option><option value=\"6\">6<\/option><option value=\"7\">7<\/option><option value=\"8\">8<\/option><option value=\"9\">9<\/option><option value=\"10\">10<\/option><\/select><\/span>\n\t<\/p>\n<\/div>\n<hr style=\"clear:both; margin:100px 0 20px 0\" \/>\n<div style=\"float:left; width:166px; padding-right:20px;\">\n\t<p>Incluir destilados?\n\t<\/p>\n\t<p><span class=\"wpcf7-form-control-wrap\" data-name=\"incluidestilados\"><select class=\"wpcf7-form-control wpcf7-select\" aria-invalid=\"false\" name=\"incluidestilados\"><option value=\"\">&#8212;Escolha uma op\u00e7\u00e3o&#8212;<\/option><option value=\"Sim\">Sim<\/option><option value=\"N\u00e3o\">N\u00e3o<\/option><\/select><\/span>\n\t<\/p>\n<\/div>\n<div style=\"float:left; padding-right:20px;\">\n\t<p>Quais?\n\t<\/p>\n\t<p><span class=\"wpcf7-form-control-wrap\" data-name=\"quaisdestilados\"><span class=\"wpcf7-form-control wpcf7-checkbox\"><span class=\"wpcf7-list-item first\"><input type=\"checkbox\" name=\"quaisdestilados[]\" value=\"Whisky\" \/><span class=\"wpcf7-list-item-label\">Whisky<\/span><\/span><span class=\"wpcf7-list-item\"><input type=\"checkbox\" name=\"quaisdestilados[]\" value=\"Vodka\" \/><span class=\"wpcf7-list-item-label\">Vodka<\/span><\/span><span class=\"wpcf7-list-item\"><input type=\"checkbox\" name=\"quaisdestilados[]\" value=\"Gim\" \/><span class=\"wpcf7-list-item-label\">Gim<\/span><\/span><span class=\"wpcf7-list-item\"><input type=\"checkbox\" name=\"quaisdestilados[]\" value=\"Rum\" \/><span class=\"wpcf7-list-item-label\">Rum<\/span><\/span><span class=\"wpcf7-list-item\"><input type=\"checkbox\" name=\"quaisdestilados[]\" value=\"Saqu\u00ea\" \/><span class=\"wpcf7-list-item-label\">Saqu\u00ea<\/span><\/span><span class=\"wpcf7-list-item last\"><input type=\"checkbox\" name=\"quaisdestilados[]\" value=\"Cacha\u00e7a\" \/><span class=\"wpcf7-list-item-label\">Cacha\u00e7a<\/span><\/span><\/span><\/span>\n\t<\/p>\n<\/div>\n<hr style=\"clear:both; margin:100px 0 20px 0\" \/>\n<div style=\"float:left; width:166px; padding-right:20px;\">\n\t<p>Ser\u00e3o servidas bebidas volantes no evento?\n\t<\/p>\n\t<p><span class=\"wpcf7-form-control-wrap\" data-name=\"bebidasvolantesnoevento\"><select class=\"wpcf7-form-control wpcf7-select\" aria-invalid=\"false\" name=\"bebidasvolantesnoevento\"><option value=\"\">&#8212;Escolha uma op\u00e7\u00e3o&#8212;<\/option><option value=\"Sim\">Sim<\/option><option value=\"N\u00e3o\">N\u00e3o<\/option><\/select><\/span>\n\t<\/p>\n<\/div>\n<div style=\"float:left; width:166px; \">\n\t<p>Quais?\n\t<\/p>\n\t<p><span class=\"wpcf7-form-control-wrap\" data-name=\"quaisbedidasvolantes\"><span class=\"wpcf7-form-control wpcf7-checkbox\"><span class=\"wpcf7-list-item first\"><input type=\"checkbox\" name=\"quaisbedidasvolantes[]\" value=\"Vinho\" \/><span class=\"wpcf7-list-item-label\">Vinho<\/span><\/span><span class=\"wpcf7-list-item\"><input type=\"checkbox\" name=\"quaisbedidasvolantes[]\" value=\"Espumante\" \/><span class=\"wpcf7-list-item-label\">Espumante<\/span><\/span><span class=\"wpcf7-list-item\"><input type=\"checkbox\" name=\"quaisbedidasvolantes[]\" value=\"Cerveja\" \/><span class=\"wpcf7-list-item-label\">Cerveja<\/span><\/span><span class=\"wpcf7-list-item last\"><input type=\"checkbox\" name=\"quaisbedidasvolantes[]\" value=\"Whisky\" \/><span class=\"wpcf7-list-item-label\">Whisky<\/span><\/span><\/span><\/span>\n\t<\/p>\n<\/div>\n<hr style=\"clear:both; margin:100px 0 20px 0\" \/>\n<p style=\"clear:both\"><input class=\"wpcf7-form-control wpcf7-submit has-spinner\" type=\"submit\" value=\"ENVIAR\" \/>\n<\/p><div class=\"wpcf7-response-output\" aria-hidden=\"true\"><\/div>\n<\/form>\n<\/div>\n<a   data-direction=\"down\" class=\"dima-button  dima-btn-no-rounded fill dima-btn-small\"  href=\"http:\/\/www.helpbar.com.br\"    >VOLTAR<\/a>[\/vc_column][\/vc_row][vc_row top_and_bottom_padding=&#8221;&#8221; left_and_right_padding=&#8221;&#8221; bg_type=&#8221;&#8221; id=&#8221;&#8221; class=&#8221;&#8221; style=&#8221;&#8221;][vc_column delay=&#8221;&#8221; delay_offset=&#8221;&#8221; bg_type=&#8221;&#8221; min_height=&#8221;&#8221; top_and_bottom_padding=&#8221;&#8221; left_and_right_padding=&#8221;&#8221; width=&#8221;1\/1&#8243;][vc_empty_space][\/vc_column][\/vc_row]<\/p>\n<\/div>","protected":false},"excerpt":{"rendered":"<p>[vc_row full_width=&#8221;full_width&#8221; top_and_bottom_padding=&#8221;&#8221; left_and_right_padding=&#8221;&#8221; bg_type=&#8221;&#8221; id=&#8221;&#8221; class=&#8221;&#8221; style=&#8221;&#8221;][vc_column delay=&#8221;&#8221; delay_offset=&#8221;&#8221; bg_type=&#8221;&#8221; min_height=&#8221;&#8221; top_and_bottom_padding=&#8221;&#8221; left_and_right_padding=&#8221;&#8221; width=&#8221;1\/1&#8243;][vc_empty_space][\/vc_column][\/vc_row][vc_row top_and_bottom_padding=&#8221;0&#8243; left_and_right_padding=&#8221;&#8221; bg_type=&#8221;&#8221; id=&#8221;&#8221; class=&#8221;&#8221; style=&#8221;&#8221;][vc_column delay=&#8221;&#8221; delay_offset=&#8221;&#8221; bg_type=&#8221;&#8221; min_height=&#8221;&#8221; top_and_bottom_padding=&#8221;&#8221; left_and_right_padding=&#8221;&#8221; width=&#8221;1\/1&#8243;][vc_single_image image=&#8221;1045&#8243; img_size=&#8221;full&#8221; onclick=&#8221;custom_link&#8221; link=&#8221;http:\/\/www.helpbar.com.br&#8221;][vc_empty_space height=&#8221;28px&#8221;][\/vc_column][\/vc_row][vc_row top_and_bottom_padding=&#8221;0&#8243; left_and_right_padding=&#8221;&#8221; bg_type=&#8221;&#8221; id=&#8221;&#8221; class=&#8221;&#8221; style=&#8221;&#8221;][vc_column delay=&#8221;&#8221; delay_offset=&#8221;&#8221; bg_type=&#8221;&#8221; min_height=&#8221;&#8221; top_and_bottom_padding=&#8221;&#8221; left_and_right_padding=&#8221;&#8221; width=&#8221;1\/1&#8243;][\/vc_column][\/vc_row][vc_row top_and_bottom_padding=&#8221;&#8221; left_and_right_padding=&#8221;&#8221; bg_type=&#8221;&#8221; id=&#8221;&#8221; class=&#8221;&#8221; style=&#8221;&#8221;][vc_column delay=&#8221;&#8221; delay_offset=&#8221;&#8221; bg_type=&#8221;&#8221; [&hellip;]<\/p>\n","protected":false},"author":1,"featured_media":0,"parent":0,"menu_order":0,"comment_status":"closed","ping_status":"closed","template":"template-blank-no-no.php","meta":{"footnotes":""},"class_list":["post-1087","page","type-page","status-publish","hentry"],"_links":{"self":[{"href":"https:\/\/helpbar.com.br\/index.php?rest_route=\/wp\/v2\/pages\/1087","targetHints":{"allow":["GET"]}}],"collection":[{"href":"https:\/\/helpbar.com.br\/index.php?rest_route=\/wp\/v2\/pages"}],"about":[{"href":"https:\/\/helpbar.com.br\/index.php?rest_route=\/wp\/v2\/types\/page"}],"author":[{"embeddable":true,"href":"https:\/\/helpbar.com.br\/index.php?rest_route=\/wp\/v2\/users\/1"}],"replies":[{"embeddable":true,"href":"https:\/\/helpbar.com.br\/index.php?rest_route=%2Fwp%2Fv2%2Fcomments&post=1087"}],"version-history":[{"count":2,"href":"https:\/\/helpbar.com.br\/index.php?rest_route=\/wp\/v2\/pages\/1087\/revisions"}],"predecessor-version":[{"id":1150,"href":"https:\/\/helpbar.com.br\/index.php?rest_route=\/wp\/v2\/pages\/1087\/revisions\/1150"}],"wp:attachment":[{"href":"https:\/\/helpbar.com.br\/index.php?rest_route=%2Fwp%2Fv2%2Fmedia&parent=1087"}],"curies":[{"name":"wp","href":"https:\/\/api.w.org\/{rel}","templated":true}]}}